{"id":2742,"date":"2023-09-21T22:52:45","date_gmt":"2023-09-21T22:52:45","guid":{"rendered":"https:\/\/acframx.com\/?page_id=2742"},"modified":"2023-11-29T22:17:50","modified_gmt":"2023-11-29T22:17:50","slug":"mercantil","status":"publish","type":"page","link":"https:\/\/acframx.com\/index.php\/mercantil\/","title":{"rendered":"Mercantil"},"content":{"rendered":"<section class=\"wpb-content-wrapper\"><p>[vc_row css=&#8221;.vc_custom_1701195637929{background-position: center !important;background-repeat: no-repeat !important;background-size: cover !important;}&#8221;][vc_column offset=&#8221;vc_hidden-xs&#8221;][vc_single_image image=&#8221;2805&#8243; img_size=&#8221;FULL&#8221; alignment=&#8221;center&#8221; css_animation=&#8221;fadeInDown&#8221; css=&#8221;.vc_custom_1701293353372{background-position: center !important;background-repeat: no-repeat !important;background-size: cover !important;}&#8221;][\/vc_column][\/vc_row][vc_row][vc_column width=&#8221;2\/3&#8243; offset=&#8221;vc_hidden-lg vc_hidden-md vc_hidden-sm&#8221;][vc_single_image image=&#8221;2808&#8243; img_size=&#8221;FULL&#8221; alignment=&#8221;center&#8221; css_animation=&#8221;fadeInDown&#8221;][\/vc_column][vc_column width=&#8221;1\/3&#8243;][\/vc_column][\/vc_row][vc_row css=&#8221;.vc_custom_1701296266258{margin-top: 30px !important;margin-bottom: 50px !important;}&#8221;][vc_column width=&#8221;2\/3&#8243;][vc_column_text]El derecho mercantil, es la rama legal que regula las relaciones y transacciones comerciales entre empresas y comerciantes. Su objetivo es proporcionar un marco jur\u00eddico que permita el desarrollo de actividades econ\u00f3micas de manera justa y transparente. Este campo abarca aspectos como la creaci\u00f3n y estructura de empresas, la negociaci\u00f3n y ejecuci\u00f3n de contratos comerciales, la protecci\u00f3n de la propiedad intelectual, la competencia leal, y la resoluci\u00f3n de disputas comerciales.<\/p>\n<p>En esencia, el derecho mercantil establece las normas que rigen el comportamiento empresarial, asegurando un entorno equitativo para todas las partes involucradas en las transacciones comerciales. Al comprender y cumplir con estas regulaciones, las empresas pueden operar de manera eficiente y \u00e9tica, fomentando as\u00ed la confianza en el mercado.[\/vc_column_text][\/vc_column][vc_column width=&#8221;1\/3&#8243;][vc_single_image image=&#8221;342&#8243; img_size=&#8221;full&#8221; css=&#8221;.vc_custom_1701196134489{margin-top: 20px !important;}&#8221;][\/vc_column][\/vc_row]<\/p>\n<\/section>","protected":false},"excerpt":{"rendered":"<p>[vc_row css=&#8221;.vc_custom_1701195637929{background-position: center !important;background-repeat: no-repeat !important;background-size: cover !important;}&#8221;][vc_column offset=&#8221;vc_hidden-xs&#8221;][vc_single_image image=&#8221;2805&#8243; img_size=&#8221;FULL&#8221; alignment=&#8221;center&#8221; css_animation=&#8221;fadeInDown&#8221; css=&#8221;.vc_custom_1701293353372{background-position: center !important;background-repeat: no-repeat !important;background-size: cover !important;}&#8221;][\/vc_column][\/vc_row][vc_row][vc_column width=&#8221;2\/3&#8243; offset=&#8221;vc_hidden-lg vc_hidden-md vc_hidden-sm&#8221;][vc_single_image image=&#8221;2808&#8243; img_size=&#8221;FULL&#8221; alignment=&#8221;center&#8221; css_animation=&#8221;fadeInDown&#8221;][\/vc_column][vc_column width=&#8221;1\/3&#8243;][\/vc_column][\/vc_row][vc_row css=&#8221;.vc_custom_1701296266258{margin-top: [&hellip;]<\/p>\n","protected":false},"author":1,"featured_media":0,"parent":0,"menu_order":0,"comment_status":"closed","ping_status":"closed","template":"template-fullwidth.php","meta":{"footnotes":""},"class_list":["post-2742","page","type-page","status-publish","hentry","no-thumb"],"_links":{"self":[{"href":"https:\/\/acframx.com\/index.php\/wp-json\/wp\/v2\/pages\/2742","targetHints":{"allow":["GET"]}}],"collection":[{"href":"https:\/\/acframx.com\/index.php\/wp-json\/wp\/v2\/pages"}],"about":[{"href":"https:\/\/acframx.com\/index.php\/wp-json\/wp\/v2\/types\/page"}],"author":[{"embeddable":true,"href":"https:\/\/acframx.com\/index.php\/wp-json\/wp\/v2\/users\/1"}],"replies":[{"embeddable":true,"href":"https:\/\/acframx.com\/index.php\/wp-json\/wp\/v2\/comments?post=2742"}],"version-history":[{"count":10,"href":"https:\/\/acframx.com\/index.php\/wp-json\/wp\/v2\/pages\/2742\/revisions"}],"predecessor-version":[{"id":2813,"href":"https:\/\/acframx.com\/index.php\/wp-json\/wp\/v2\/pages\/2742\/revisions\/2813"}],"wp:attachment":[{"href":"https:\/\/acframx.com\/index.php\/wp-json\/wp\/v2\/media?parent=2742"}],"curies":[{"name":"wp","href":"https:\/\/api.w.org\/{rel}","templated":true}]}}