{"id":563,"date":"2022-08-19T17:08:06","date_gmt":"2022-08-19T17:08:06","guid":{"rendered":"https:\/\/demo.olivethemes.com\/paloma\/?page_id=21"},"modified":"2022-08-19T17:08:06","modified_gmt":"2022-08-19T17:08:06","slug":"news","status":"publish","type":"page","link":"https:\/\/acframx.com\/index.php\/news\/","title":{"rendered":"News"},"content":{"rendered":"\n<div class=\"wp-block-group alignfull\" style=\"padding-top:0;padding-right:0;padding-bottom:0;padding-left:0\"><div class=\"wp-block-group__inner-container is-layout-constrained wp-container-core-group-is-layout-78e725e8 wp-block-group-is-layout-constrained\">\n<div class=\"wp-block-cover alignfull\" style=\"padding-top:10vw;padding-right:30px;padding-bottom:10vw;padding-left:30px;min-height:634px;aspect-ratio:unset;\"><span aria-hidden=\"true\" class=\"wp-block-cover__background has-background-background-color has-background-dim-60 has-background-dim\"><\/span><img decoding=\"async\" class=\"wp-block-cover__image-background wp-image-1369\" alt=\"\" src=\"https:\/\/demo.olivethemes.com\/yarsa-fse\/wp-content\/themes\/yarsa-fse\/assets\/images\/inner-cover.jpg\" style=\"object-position:48% 76%\" data-object-fit=\"cover\" data-object-position=\"48% 76%\"\/><div class=\"wp-block-cover__inner-container is-layout-flow wp-block-cover-is-layout-flow\">\n<div class=\"wp-block-group alignwide\"><div class=\"wp-block-group__inner-container is-layout-constrained wp-block-group-is-layout-constrained\">\n<div class=\"wp-block-group alignwide\"><div class=\"wp-block-group__inner-container is-layout-flow wp-block-group-is-layout-flow\"><h2 class=\"has-text-align-left wp-block-post-title has-text-color has-foreground-color has-extra-huge-font-size\">News<\/h2><\/div><\/div>\n<\/div><\/div>\n<\/div><\/div>\n\n\n\n<div class=\"wp-block-group alignfull\" style=\"padding-top:100px;padding-right:20px;padding-bottom:100px;padding-left:20px\"><div class=\"wp-block-group__inner-container is-layout-constrained wp-container-core-group-is-layout-15aad0a6 wp-block-group-is-layout-constrained\">\n<div class=\"wp-block-group alignwide\" style=\"padding-bottom:30px\"><div class=\"wp-block-group__inner-container is-layout-flow wp-block-group-is-layout-flow\">\n<div class=\"wp-block-group is-content-justification-space-between is-layout-flex wp-container-core-group-is-layout-0f297ba5 wp-block-group-is-layout-flex\" style=\"padding-top:0px;padding-right:0px;padding-bottom:0px;padding-left:0px\">\n<div class=\"wp-block-group\"><div class=\"wp-block-group__inner-container is-layout-constrained wp-block-group-is-layout-constrained\">\n<div class=\"wp-block-group animated animated-fadeInUp is-nowrap is-layout-flex wp-container-core-group-is-layout-04bc2605 wp-block-group-is-layout-flex\">\n<p class=\"has-text-align-left has-primary-color has-text-color has-medium-font-size\" style=\"letter-spacing:1px\">Blogs For<\/p>\n<\/div>\n\n\n\n<h2 class=\"has-text-align-left animated animated-fadeInUp has-slider-title-font-size wp-block-heading\" style=\"line-height:1.3;text-transform:capitalize\">More Inspiration<\/h2>\n<\/div><\/div>\n<\/div>\n<\/div><\/div>\n\n\n\n<div class=\"wp-block-group alignwide\"><div class=\"wp-block-group__inner-container is-layout-constrained wp-block-group-is-layout-constrained\">\n<main class=\"wp-block-query alignwide is-layout-flow wp-block-query-is-layout-flow\"><ul class=\"is-flex-container columns-3 alignwide wp-block-post-template is-layout-flow wp-block-post-template-is-layout-flow\"><li class=\"wp-block-post post-2777 post type-post status-publish format-standard has-post-thumbnail hentry category-empresa category-propiedad-intelectual \">\n\n<div class=\"wp-block-group has-box-shadow animated animated-fadeInUp\" style=\"padding-top:0px;padding-right:0px;padding-bottom:0px;padding-left:0px\"><div class=\"wp-block-group__inner-container is-layout-constrained wp-container-core-group-is-layout-598d03a2 wp-block-group-is-layout-constrained\"><figure class=\"alignwide no-padding wp-block-post-featured-image\"><a href=\"https:\/\/acframx.com\/index.php\/2023\/09\/25\/tu-marca-un-activo-intangible-de-tu-empresa\/\" target=\"_self\"  ><img loading=\"lazy\" decoding=\"async\" width=\"1920\" height=\"875\" src=\"https:\/\/acframx.com\/wp-content\/uploads\/2020\/02\/ban2_h5.jpg\" class=\"attachment-post-thumbnail size-post-thumbnail wp-post-image\" alt=\"Tu marca, un activo intangible de tu empresa\" style=\"object-fit:cover;\" srcset=\"https:\/\/acframx.com\/wp-content\/uploads\/2020\/02\/ban2_h5.jpg 1920w, https:\/\/acframx.com\/wp-content\/uploads\/2020\/02\/ban2_h5-370x169.jpg 370w, https:\/\/acframx.com\/wp-content\/uploads\/2020\/02\/ban2_h5-300x137.jpg 300w, https:\/\/acframx.com\/wp-content\/uploads\/2020\/02\/ban2_h5-1024x467.jpg 1024w, https:\/\/acframx.com\/wp-content\/uploads\/2020\/02\/ban2_h5-768x350.jpg 768w, https:\/\/acframx.com\/wp-content\/uploads\/2020\/02\/ban2_h5-1536x700.jpg 1536w, https:\/\/acframx.com\/wp-content\/uploads\/2020\/02\/ban2_h5-410x187.jpg 410w, https:\/\/acframx.com\/wp-content\/uploads\/2020\/02\/ban2_h5-570x260.jpg 570w, https:\/\/acframx.com\/wp-content\/uploads\/2020\/02\/ban2_h5-760x346.jpg 760w\" sizes=\"auto, (max-width: 1920px) 100vw, 1920px\" \/><\/a><\/figure>\n\n\n<div class=\"wp-block-group alignwide has-background-secondary-background-color has-background\" style=\"margin-top:0px;padding-top:40px;padding-right:40px;padding-bottom:40px;padding-left:40px\"><div class=\"wp-block-group__inner-container is-layout-flow wp-block-group-is-layout-flow\"><h3 style=\"font-style:normal;font-weight:600;line-height:1.4;\" class=\"alignwide wp-block-post-title\"><a href=\"https:\/\/acframx.com\/index.php\/2023\/09\/25\/tu-marca-un-activo-intangible-de-tu-empresa\/\" target=\"_self\" >Tu marca, un activo intangible de tu empresa<\/a><\/h3>\n\n<div style=\"font-style:normal;font-weight:300;\" class=\"has-link-color wp-elements-2920b6a6b0d3e465a7ea751f3ab719c4 wp-block-post-date has-small-font-size\"><time datetime=\"2023-09-25T16:34:48+00:00\"><a href=\"https:\/\/acframx.com\/index.php\/2023\/09\/25\/tu-marca-un-activo-intangible-de-tu-empresa\/\">September 25, 2023<\/a><\/time><\/div>\n\n<div class=\"has-link-color wp-elements-9356b83a316c8ea6d89c3eace51dc082 wp-block-post-excerpt\"><p class=\"wp-block-post-excerpt__excerpt\">Tu marca es un activo intangible de tu empresa \u00a1prot\u00e9gelo!<\/p><p class=\"wp-block-post-excerpt__more-text\"><a class=\"wp-block-post-excerpt__more-link\" href=\"https:\/\/acframx.com\/index.php\/2023\/09\/25\/tu-marca-un-activo-intangible-de-tu-empresa\/\">Know Moreu003ca role=u0022textboxu0022 aria-multiline=u0022trueu0022 aria-label=u0022u0026quot;Read moreu0026quot; link textu0022 class=u0022block-editor-rich-text__editable wp-block-post-excerpt__more-link rich-textu0022 style=u0022font-size: revert; font-family: var(u002du002dwpu002du002dpresetu002du002dfont-familyu002du002dpoppins); min-width: 1px; display: inline !important;u0022u003eu003c\/au003e<\/a><\/p><\/div><\/div><\/div>\n<\/div><\/div>\n\n<\/li><li class=\"wp-block-post post-6 post type-post status-publish format-standard hentry category-sin-categoria no-thumb\">\n\n<div class=\"wp-block-group has-box-shadow animated animated-fadeInUp\" style=\"padding-top:0px;padding-right:0px;padding-bottom:0px;padding-left:0px\"><div class=\"wp-block-group__inner-container is-layout-constrained wp-container-core-group-is-layout-598d03a2 wp-block-group-is-layout-constrained\">\n\n\n<div class=\"wp-block-group alignwide has-background-secondary-background-color has-background\" style=\"margin-top:0px;padding-top:40px;padding-right:40px;padding-bottom:40px;padding-left:40px\"><div class=\"wp-block-group__inner-container is-layout-flow wp-block-group-is-layout-flow\"><h3 style=\"font-style:normal;font-weight:600;line-height:1.4;\" class=\"alignwide wp-block-post-title\"><a href=\"https:\/\/acframx.com\/index.php\/2023\/06\/06\/como-los-servicios-legales-pueden-ayudar-a-proteger-su-empresa\/\" target=\"_self\" >C\u00f3mo los servicios legales pueden ayudar a proteger su empresa<\/a><\/h3>\n\n<div style=\"font-style:normal;font-weight:300;\" class=\"has-link-color wp-elements-2920b6a6b0d3e465a7ea751f3ab719c4 wp-block-post-date has-small-font-size\"><time datetime=\"2023-06-06T02:02:27+00:00\"><a href=\"https:\/\/acframx.com\/index.php\/2023\/06\/06\/como-los-servicios-legales-pueden-ayudar-a-proteger-su-empresa\/\">June 6, 2023<\/a><\/time><\/div>\n\n<div class=\"has-link-color wp-elements-9356b83a316c8ea6d89c3eace51dc082 wp-block-post-excerpt\"><p class=\"wp-block-post-excerpt__excerpt\">Introducci\u00f3n Sabemos que ser due\u00f1o de una empresa puede ser un trabajo dif\u00edcil. Usted tiene que manejar las operaciones diarias, asegurarse de que sus clientes est\u00e9n satisfechos y mantener a [&hellip;]<\/p><p class=\"wp-block-post-excerpt__more-text\"><a class=\"wp-block-post-excerpt__more-link\" href=\"https:\/\/acframx.com\/index.php\/2023\/06\/06\/como-los-servicios-legales-pueden-ayudar-a-proteger-su-empresa\/\">Know Moreu003ca role=u0022textboxu0022 aria-multiline=u0022trueu0022 aria-label=u0022u0026quot;Read moreu0026quot; link textu0022 class=u0022block-editor-rich-text__editable wp-block-post-excerpt__more-link rich-textu0022 style=u0022font-size: revert; font-family: var(u002du002dwpu002du002dpresetu002du002dfont-familyu002du002dpoppins); min-width: 1px; display: inline !important;u0022u003eu003c\/au003e<\/a><\/p><\/div><\/div><\/div>\n<\/div><\/div>\n\n<\/li><li class=\"wp-block-post post-5 post type-post status-publish format-standard hentry category-sin-categoria no-thumb\">\n\n<div class=\"wp-block-group has-box-shadow animated animated-fadeInUp\" style=\"padding-top:0px;padding-right:0px;padding-bottom:0px;padding-left:0px\"><div class=\"wp-block-group__inner-container is-layout-constrained wp-container-core-group-is-layout-598d03a2 wp-block-group-is-layout-constrained\">\n\n\n<div class=\"wp-block-group alignwide has-background-secondary-background-color has-background\" style=\"margin-top:0px;padding-top:40px;padding-right:40px;padding-bottom:40px;padding-left:40px\"><div class=\"wp-block-group__inner-container is-layout-flow wp-block-group-is-layout-flow\"><h3 style=\"font-style:normal;font-weight:600;line-height:1.4;\" class=\"alignwide wp-block-post-title\"><a href=\"https:\/\/acframx.com\/index.php\/2023\/06\/06\/como-contratar-a-un-abogado-especializado-en-derecho-mercantil-familiar-y-penal\/\" target=\"_self\" >C\u00f3mo contratar a un abogado especializado en derecho mercantil, familiar y penal<\/a><\/h3>\n\n<div style=\"font-style:normal;font-weight:300;\" class=\"has-link-color wp-elements-2920b6a6b0d3e465a7ea751f3ab719c4 wp-block-post-date has-small-font-size\"><time datetime=\"2023-06-06T02:02:26+00:00\"><a href=\"https:\/\/acframx.com\/index.php\/2023\/06\/06\/como-contratar-a-un-abogado-especializado-en-derecho-mercantil-familiar-y-penal\/\">June 6, 2023<\/a><\/time><\/div>\n\n<div class=\"has-link-color wp-elements-9356b83a316c8ea6d89c3eace51dc082 wp-block-post-excerpt\"><p class=\"wp-block-post-excerpt__excerpt\">Introducci\u00f3n En alg\u00fan momento de la vida, es posible que necesitemos los servicios de un abogado. Ya sea para hacer frente a problemas legales en nuestro negocio, resolver conflictos familiares [&hellip;]<\/p><p class=\"wp-block-post-excerpt__more-text\"><a class=\"wp-block-post-excerpt__more-link\" href=\"https:\/\/acframx.com\/index.php\/2023\/06\/06\/como-contratar-a-un-abogado-especializado-en-derecho-mercantil-familiar-y-penal\/\">Know Moreu003ca role=u0022textboxu0022 aria-multiline=u0022trueu0022 aria-label=u0022u0026quot;Read moreu0026quot; link textu0022 class=u0022block-editor-rich-text__editable wp-block-post-excerpt__more-link rich-textu0022 style=u0022font-size: revert; font-family: var(u002du002dwpu002du002dpresetu002du002dfont-familyu002du002dpoppins); min-width: 1px; display: inline !important;u0022u003eu003c\/au003e<\/a><\/p><\/div><\/div><\/div>\n<\/div><\/div>\n\n<\/li><li class=\"wp-block-post post-4 post type-post status-publish format-standard hentry category-sin-categoria no-thumb\">\n\n<div class=\"wp-block-group has-box-shadow animated animated-fadeInUp\" style=\"padding-top:0px;padding-right:0px;padding-bottom:0px;padding-left:0px\"><div class=\"wp-block-group__inner-container is-layout-constrained wp-container-core-group-is-layout-598d03a2 wp-block-group-is-layout-constrained\">\n\n\n<div class=\"wp-block-group alignwide has-background-secondary-background-color has-background\" style=\"margin-top:0px;padding-top:40px;padding-right:40px;padding-bottom:40px;padding-left:40px\"><div class=\"wp-block-group__inner-container is-layout-flow wp-block-group-is-layout-flow\"><h3 style=\"font-style:normal;font-weight:600;line-height:1.4;\" class=\"alignwide wp-block-post-title\"><a href=\"https:\/\/acframx.com\/index.php\/2023\/06\/06\/por-que-es-importante-contar-con-un-abogado-especializado-en-derecho-mercantil-familiar-y-penal\/\" target=\"_self\" >\u00bfPor qu\u00e9 es importante contar con un abogado especializado en derecho mercantil, familiar y penal?<\/a><\/h3>\n\n<div style=\"font-style:normal;font-weight:300;\" class=\"has-link-color wp-elements-2920b6a6b0d3e465a7ea751f3ab719c4 wp-block-post-date has-small-font-size\"><time datetime=\"2023-06-06T02:02:24+00:00\"><a href=\"https:\/\/acframx.com\/index.php\/2023\/06\/06\/por-que-es-importante-contar-con-un-abogado-especializado-en-derecho-mercantil-familiar-y-penal\/\">June 6, 2023<\/a><\/time><\/div>\n\n<div class=\"has-link-color wp-elements-9356b83a316c8ea6d89c3eace51dc082 wp-block-post-excerpt\"><p class=\"wp-block-post-excerpt__excerpt\">Introducci\u00f3n Contar con un abogado especializado en derecho mercantil, familiar y penal puede marcar la diferencia en el \u00e9xito o fracaso de un negocio, en la resoluci\u00f3n de conflictos familiares [&hellip;]<\/p><p class=\"wp-block-post-excerpt__more-text\"><a class=\"wp-block-post-excerpt__more-link\" href=\"https:\/\/acframx.com\/index.php\/2023\/06\/06\/por-que-es-importante-contar-con-un-abogado-especializado-en-derecho-mercantil-familiar-y-penal\/\">Know Moreu003ca role=u0022textboxu0022 aria-multiline=u0022trueu0022 aria-label=u0022u0026quot;Read moreu0026quot; link textu0022 class=u0022block-editor-rich-text__editable wp-block-post-excerpt__more-link rich-textu0022 style=u0022font-size: revert; font-family: var(u002du002dwpu002du002dpresetu002du002dfont-familyu002du002dpoppins); min-width: 1px; display: inline !important;u0022u003eu003c\/au003e<\/a><\/p><\/div><\/div><\/div>\n<\/div><\/div>\n\n<\/li><li class=\"wp-block-post post-330 post type-post status-publish format-standard has-post-thumbnail hentry category-news \">\n\n<div class=\"wp-block-group has-box-shadow animated animated-fadeInUp\" style=\"padding-top:0px;padding-right:0px;padding-bottom:0px;padding-left:0px\"><div class=\"wp-block-group__inner-container is-layout-constrained wp-container-core-group-is-layout-598d03a2 wp-block-group-is-layout-constrained\"><figure class=\"alignwide no-padding wp-block-post-featured-image\"><a href=\"https:\/\/acframx.com\/index.php\/2022\/08\/22\/professionals-team-management-ideas\/\" target=\"_self\"  ><img loading=\"lazy\" decoding=\"async\" width=\"600\" height=\"450\" src=\"https:\/\/acframx.com\/wp-content\/uploads\/2022\/08\/5.jpeg\" class=\"attachment-post-thumbnail size-post-thumbnail wp-post-image\" alt=\"Professionals Team Management Ideas\" style=\"object-fit:cover;\" srcset=\"https:\/\/acframx.com\/wp-content\/uploads\/2022\/08\/5.jpeg 600w, https:\/\/acframx.com\/wp-content\/uploads\/2022\/08\/5-370x278.jpeg 370w, https:\/\/acframx.com\/wp-content\/uploads\/2022\/08\/5-300x225.jpeg 300w, https:\/\/acframx.com\/wp-content\/uploads\/2022\/08\/5-307x230.jpeg 307w, https:\/\/acframx.com\/wp-content\/uploads\/2022\/08\/5-570x428.jpeg 570w\" sizes=\"auto, (max-width: 767px) 100vw, 600px\" \/><\/a><\/figure>\n\n\n<div class=\"wp-block-group alignwide has-background-secondary-background-color has-background\" style=\"margin-top:0px;padding-top:40px;padding-right:40px;padding-bottom:40px;padding-left:40px\"><div class=\"wp-block-group__inner-container is-layout-flow wp-block-group-is-layout-flow\"><h3 style=\"font-style:normal;font-weight:600;line-height:1.4;\" class=\"alignwide wp-block-post-title\"><a href=\"https:\/\/acframx.com\/index.php\/2022\/08\/22\/professionals-team-management-ideas\/\" target=\"_self\" >Professionals Team Management Ideas<\/a><\/h3>\n\n<div style=\"font-style:normal;font-weight:300;\" class=\"has-link-color wp-elements-2920b6a6b0d3e465a7ea751f3ab719c4 wp-block-post-date has-small-font-size\"><time datetime=\"2022-08-22T16:12:47+00:00\"><a href=\"https:\/\/acframx.com\/index.php\/2022\/08\/22\/professionals-team-management-ideas\/\">August 22, 2022<\/a><\/time><\/div>\n\n<div class=\"has-link-color wp-elements-9356b83a316c8ea6d89c3eace51dc082 wp-block-post-excerpt\"><p class=\"wp-block-post-excerpt__excerpt\">Lorem ipsum dolor sit amet, consectetur adipiscing elit. Nullam porta sem eu tellus porta, ac vehicula leo aliquam. Vestibulum tortor eros, mattis et cursus quis, bibendum a dui. Interdum et [&hellip;]<\/p><p class=\"wp-block-post-excerpt__more-text\"><a class=\"wp-block-post-excerpt__more-link\" href=\"https:\/\/acframx.com\/index.php\/2022\/08\/22\/professionals-team-management-ideas\/\">Know Moreu003ca role=u0022textboxu0022 aria-multiline=u0022trueu0022 aria-label=u0022u0026quot;Read moreu0026quot; link textu0022 class=u0022block-editor-rich-text__editable wp-block-post-excerpt__more-link rich-textu0022 style=u0022font-size: revert; font-family: var(u002du002dwpu002du002dpresetu002du002dfont-familyu002du002dpoppins); min-width: 1px; display: inline !important;u0022u003eu003c\/au003e<\/a><\/p><\/div><\/div><\/div>\n<\/div><\/div>\n\n<\/li><li class=\"wp-block-post post-329 post type-post status-publish format-standard has-post-thumbnail hentry category-news \">\n\n<div class=\"wp-block-group has-box-shadow animated animated-fadeInUp\" style=\"padding-top:0px;padding-right:0px;padding-bottom:0px;padding-left:0px\"><div class=\"wp-block-group__inner-container is-layout-constrained wp-container-core-group-is-layout-598d03a2 wp-block-group-is-layout-constrained\"><figure class=\"alignwide no-padding wp-block-post-featured-image\"><a href=\"https:\/\/acframx.com\/index.php\/2022\/08\/22\/how-professionals-manages-their-work\/\" target=\"_self\"  ><img loading=\"lazy\" decoding=\"async\" width=\"600\" height=\"450\" src=\"https:\/\/acframx.com\/wp-content\/uploads\/2022\/08\/4.jpeg\" class=\"attachment-post-thumbnail size-post-thumbnail wp-post-image\" alt=\"How Professionals Manages Their Work\" style=\"object-fit:cover;\" srcset=\"https:\/\/acframx.com\/wp-content\/uploads\/2022\/08\/4.jpeg 600w, https:\/\/acframx.com\/wp-content\/uploads\/2022\/08\/4-370x278.jpeg 370w, https:\/\/acframx.com\/wp-content\/uploads\/2022\/08\/4-300x225.jpeg 300w, https:\/\/acframx.com\/wp-content\/uploads\/2022\/08\/4-307x230.jpeg 307w, https:\/\/acframx.com\/wp-content\/uploads\/2022\/08\/4-570x428.jpeg 570w\" sizes=\"auto, (max-width: 767px) 100vw, 600px\" \/><\/a><\/figure>\n\n\n<div class=\"wp-block-group alignwide has-background-secondary-background-color has-background\" style=\"margin-top:0px;padding-top:40px;padding-right:40px;padding-bottom:40px;padding-left:40px\"><div class=\"wp-block-group__inner-container is-layout-flow wp-block-group-is-layout-flow\"><h3 style=\"font-style:normal;font-weight:600;line-height:1.4;\" class=\"alignwide wp-block-post-title\"><a href=\"https:\/\/acframx.com\/index.php\/2022\/08\/22\/how-professionals-manages-their-work\/\" target=\"_self\" >How Professionals Manages Their Work<\/a><\/h3>\n\n<div style=\"font-style:normal;font-weight:300;\" class=\"has-link-color wp-elements-2920b6a6b0d3e465a7ea751f3ab719c4 wp-block-post-date has-small-font-size\"><time datetime=\"2022-08-22T16:12:30+00:00\"><a href=\"https:\/\/acframx.com\/index.php\/2022\/08\/22\/how-professionals-manages-their-work\/\">August 22, 2022<\/a><\/time><\/div>\n\n<div class=\"has-link-color wp-elements-9356b83a316c8ea6d89c3eace51dc082 wp-block-post-excerpt\"><p class=\"wp-block-post-excerpt__excerpt\">Lorem ipsum dolor sit amet, consectetur adipiscing elit. Nullam porta sem eu tellus porta, ac vehicula leo aliquam. Vestibulum tortor eros, mattis et cursus quis, bibendum a dui. Interdum et [&hellip;]<\/p><p class=\"wp-block-post-excerpt__more-text\"><a class=\"wp-block-post-excerpt__more-link\" href=\"https:\/\/acframx.com\/index.php\/2022\/08\/22\/how-professionals-manages-their-work\/\">Know Moreu003ca role=u0022textboxu0022 aria-multiline=u0022trueu0022 aria-label=u0022u0026quot;Read moreu0026quot; link textu0022 class=u0022block-editor-rich-text__editable wp-block-post-excerpt__more-link rich-textu0022 style=u0022font-size: revert; font-family: var(u002du002dwpu002du002dpresetu002du002dfont-familyu002du002dpoppins); min-width: 1px; display: inline !important;u0022u003eu003c\/au003e<\/a><\/p><\/div><\/div><\/div>\n<\/div><\/div>\n\n<\/li><\/ul><\/main>\n<\/div><\/div>\n<\/div><\/div>\n<\/div><\/div>\n","protected":false},"excerpt":{"rendered":"<p>Blogs For More Inspiration<\/p>\n","protected":false},"author":1,"featured_media":0,"parent":0,"menu_order":0,"comment_status":"closed","ping_status":"closed","template":"page-no-title","meta":{"footnotes":""},"class_list":["post-563","page","type-page","status-publish","hentry","no-thumb"],"_links":{"self":[{"href":"https:\/\/acframx.com\/index.php\/wp-json\/wp\/v2\/pages\/563","targetHints":{"allow":["GET"]}}],"collection":[{"href":"https:\/\/acframx.com\/index.php\/wp-json\/wp\/v2\/pages"}],"about":[{"href":"https:\/\/acframx.com\/index.php\/wp-json\/wp\/v2\/types\/page"}],"author":[{"embeddable":true,"href":"https:\/\/acframx.com\/index.php\/wp-json\/wp\/v2\/users\/1"}],"replies":[{"embeddable":true,"href":"https:\/\/acframx.com\/index.php\/wp-json\/wp\/v2\/comments?post=563"}],"version-history":[{"count":0,"href":"https:\/\/acframx.com\/index.php\/wp-json\/wp\/v2\/pages\/563\/revisions"}],"wp:attachment":[{"href":"https:\/\/acframx.com\/index.php\/wp-json\/wp\/v2\/media?parent=563"}],"curies":[{"name":"wp","href":"https:\/\/api.w.org\/{rel}","templated":true}]}}